 {"id":9,"date":"2025-12-16T09:02:13","date_gmt":"2025-12-16T09:02:13","guid":{"rendered":"https:\/\/sefaguney.com\/?page_id=9"},"modified":"2025-12-30T21:04:00","modified_gmt":"2025-12-30T21:04:00","slug":"hakkimda","status":"publish","type":"page","link":"https:\/\/sefaguney.com\/?page_id=9","title":{"rendered":"Hakk\u0131mda"},"content":{"rendered":"\n<h2 class=\"wp-block-heading has-large-font-size\" id=\"inspiro-is-a-digital-product-agency-that-focuses-on-strategy-and-design\" style=\"font-style:normal;font-weight:100\">Kod yazmaya olan ilgim, sadece \u00e7al\u0131\u015fan bir \u015fey \u00fcretmekten ibaret de\u011fil; <strong>nas\u0131l \u00e7al\u0131\u015ft\u0131\u011f\u0131n\u0131 ger\u00e7ekten anlamak<\/strong> benim i\u00e7in as\u0131l motivasyon. Yaz\u0131l\u0131m d\u00fcnyas\u0131nda problem \u00e7\u00f6zmeyi, ara\u015ft\u0131rmay\u0131 ve s\u00fcrekli \u00f6\u011frenmeyi merkezine alan bir yakla\u015f\u0131m benimsiyorum.<\/h2>\n\n\n\n<p id=\"inspiro-is-a-digital-product-agency-that-focuses-on-strategy-and-design\">Web teknolojileri, yaz\u0131l\u0131m geli\u015ftirme ve siber g\u00fcvenlik ba\u015fta olmak \u00fczere; sistemlerin arka plan\u0131nda neler olup bitti\u011fini ke\u015ffetmeyi seviyorum. Haz\u0131r \u00e7\u00f6z\u00fcmlerle yetinmek yerine, bir yap\u0131n\u0131n <strong>mant\u0131\u011f\u0131n\u0131 kavramay\u0131<\/strong> ve gerekti\u011finde s\u0131f\u0131rdan in\u015fa etmeyi tercih ediyorum.<\/p>\n\n\n\n<div style=\"height:100px\" aria-hidden=\"true\" class=\"wp-block-spacer\"><\/div>\n\n\n\n<div class=\"wp-block-columns alignwide is-layout-flex wp-container-core-columns-is-layout-28f84493 wp-block-columns-is-layout-flex\">\n<div class=\"wp-block-column is-layout-flow wp-block-column-is-layout-flow\">\n<figure class=\"wp-block-image size-large\"><img decoding=\"async\" src=\"https:\/\/sefaguney.com\/wp-content\/themes\/inspiro\/assets\/images\/video-1.jpeg\" alt=\"\"\/><\/figure>\n\n\n\n<p class=\"has-black-color has-text-color has-medium-font-size\"><a href=\"https:\/\/sefaguney.com\/?page_id=9\">M\u00fcrettebat<\/a><\/p>\n\n\n\n<p class=\"has-text-color\" style=\"color:#7a7a7a\">&#8220;Dijital okyanusta markan\u0131z\u0131n d\u00fcmenini g\u00fcvenle bize teslim edin; f\u0131rt\u0131nalar\u0131 arkan\u0131zda, ba\u015far\u0131y\u0131 ufkunuzda b\u0131rakal\u0131m.&#8221;<\/p>\n<\/div>\n\n\n\n<div class=\"wp-block-column is-layout-flow wp-block-column-is-layout-flow\">\n<figure class=\"wp-block-image size-large\"><img decoding=\"async\" src=\"https:\/\/sefaguney.com\/wp-content\/themes\/inspiro\/assets\/images\/video-2.jpeg\" alt=\"\"\/><\/figure>\n\n\n\n<p class=\"has-black-color has-text-color has-medium-font-size\"><a href=\"#\">Felsefemiz<\/a><\/p>\n\n\n\n<p class=\"has-text-color\" style=\"color:#7a7a7a\"><strong>&#8220;D\u00fcn\u00fc Anla, Bug\u00fcn\u00fc Ya\u015fa, Yar\u0131n\u0131 Tasarla&#8221;<\/strong> Teknoloji her g\u00fcn de\u011fi\u015fiyor ama kaliteli i\u015f\u00e7ili\u011fin de\u011feri asla de\u011fi\u015fmez. Felsefemiz; k\u00f6klerimizden kopmadan, s\u00fcrekli \u00f6\u011frenerek ve geli\u015ferek markan\u0131z\u0131 gelece\u011fe haz\u0131rlamakt\u0131r. Dijital d\u00fcnyada iz b\u0131rakmak isteyenler i\u00e7in \u00e7al\u0131\u015f\u0131yoruz.<\/p>\n<\/div>\n\n\n\n<div class=\"wp-block-column is-layout-flow wp-block-column-is-layout-flow\">\n<figure class=\"wp-block-image size-large\"><img decoding=\"async\" src=\"https:\/\/sefaguney.com\/wp-content\/themes\/inspiro\/assets\/images\/video-3.jpeg\" alt=\"\"\/><\/figure>\n\n\n\n<p class=\"has-black-color has-text-color has-medium-font-size\"><a href=\"#\">Hizmetler<\/a><\/p>\n\n\n\n<p class=\"has-text-color\" style=\"color:#7a7a7a\">Bizim i\u00e7in en iyi yaz\u0131l\u0131m, arkas\u0131nda d\u00fcr\u00fcst bir el s\u0131k\u0131\u015fman\u0131n oldu\u011fu yaz\u0131l\u0131md\u0131r. Erzurum\u2019un ahilik ve esnafl\u0131k k\u00fclt\u00fcr\u00fcn\u00fc dijital d\u00fcnyaya ta\u015f\u0131yoruz. M\u00fc\u015fterimize asla yapamayaca\u011f\u0131m\u0131z s\u00f6z\u00fc vermeyiz, ba\u015flad\u0131\u011f\u0131m\u0131z i\u015fi de asla yar\u0131m b\u0131rakmay\u0131z. \u015eeffafl\u0131k, en b\u00fcy\u00fck sermayemizdir.<\/p>\n<\/div>\n<\/div>\n\n\n\n<h3 class=\"wp-block-heading has-large-font-size\" id=\"inspiro-is-a-digital-product-agency-that-focuses-on-strategy-and-desig\" style=\"font-style:normal;font-weight:300\">G\u00f6steri filmi<\/h3>\n\n\n\n<figure class=\"wp-block-embed alignwide is-type-video is-provider-videopress wp-block-embed-videopress wp-embed-aspect-16-9 wp-has-aspect-ratio\"><div class=\"wp-block-embed__wrapper\">\n<iframe title=\"VideoPress Video Player\" aria-label='VideoPress Video Player' width='950' height='534' src='https:\/\/video.wordpress.com\/embed\/bjvmxiQS?hd=0&amp;cover=1' frameborder='0' allowfullscreen allow='clipboard-write'><\/iframe><script src='https:\/\/v0.wordpress.com\/js\/next\/videopress-iframe.js?m=1739540970'><\/script>\n<\/div><\/figure>\n\n\n\n<div style=\"height:100px\" aria-hidden=\"true\" class=\"wp-block-spacer\"><\/div>\n\n\n\n<div class=\"wp-block-cover alignfull\" style=\"padding-top:50px;padding-right:50px;padding-bottom:50px;padding-left:50px;min-height:316px;aspect-ratio:unset;\"><span aria-hidden=\"true\" class=\"wp-block-cover__background has-black-background-color has-background-dim-100 has-background-dim\"><\/span><div class=\"wp-block-cover__inner-container is-layout-flow wp-block-cover-is-layout-flow\">\n<div class=\"wp-block-columns are-vertically-aligned-center is-layout-flex wp-container-core-columns-is-layout-28f84493 wp-block-columns-is-layout-flex\">\n<div class=\"wp-block-column is-vertically-aligned-center is-layout-flow wp-block-column-is-layout-flow\" style=\"padding-top:20px;padding-right:0px;padding-bottom:20px;padding-left:0px\">\n<div class=\"wp-block-group is-content-justification-space-between is-nowrap is-layout-flex wp-container-core-group-is-layout-bb3dfb5c wp-block-group-is-layout-flex\">\n<figure class=\"wp-block-image size-full\"><img decoding=\"async\" src=\"https:\/\/sefaguney.com\/wp-content\/themes\/inspiro\/assets\/images\/laurel_left.png\" alt=\"\"\/><\/figure>\n\n\n\n<div class=\"wp-block-group is-layout-flow wp-block-group-is-layout-flow\">\n<p class=\"has-text-align-center has-white-color has-text-color\" style=\"font-size:clamp(14px, 0.875rem + ((1vw - 3.2px) * 0.354), 18px);line-height:1\">&#8220;En \u0130yi Film&#8221;<br>\u00d6d\u00fcl Sahibi<\/p>\n\n\n\n<p class=\"has-text-align-center has-white-color has-text-color\" style=\"font-size:clamp(14px, 0.875rem + ((1vw - 3.2px) * 0.354), 18px);line-height:1\"><\/p>\n<\/div>\n\n\n\n<figure class=\"wp-block-image size-full\"><img decoding=\"async\" src=\"https:\/\/sefaguney.com\/wp-content\/themes\/inspiro\/assets\/images\/laurel_right.png\" alt=\"\"\/><\/figure>\n<\/div>\n<\/div>\n\n\n\n<div class=\"wp-block-column is-vertically-aligned-center is-layout-flow wp-block-column-is-layout-flow\" style=\"padding-top:20px;padding-right:0px;padding-bottom:20px;padding-left:0px\">\n<div class=\"wp-block-group is-content-justification-space-between is-nowrap is-layout-flex wp-container-core-group-is-layout-bb3dfb5c wp-block-group-is-layout-flex\">\n<figure class=\"wp-block-image size-full\"><img decoding=\"async\" src=\"https:\/\/sefaguney.com\/wp-content\/themes\/inspiro\/assets\/images\/laurel_left.png\" alt=\"\"\/><\/figure>\n\n\n\n<div class=\"wp-block-group is-layout-flow wp-block-group-is-layout-flow\">\n<p class=\"has-text-align-center has-white-color has-text-color\" style=\"font-size:clamp(14px, 0.875rem + ((1vw - 3.2px) * 0.354), 18px);line-height:1\">&#8220;Yeni Film Festivali&#8221; Kazanan\u0131<\/p>\n<\/div>\n\n\n\n<figure class=\"wp-block-image size-full\"><img decoding=\"async\" src=\"https:\/\/sefaguney.com\/wp-content\/themes\/inspiro\/assets\/images\/laurel_right.png\" alt=\"\"\/><\/figure>\n<\/div>\n<\/div>\n\n\n\n<div class=\"wp-block-column is-vertically-aligned-center is-layout-flow wp-block-column-is-layout-flow\" style=\"padding-top:20px;padding-right:0px;padding-bottom:20px;padding-left:0px\">\n<div class=\"wp-block-group is-content-justification-space-between is-nowrap is-layout-flex wp-container-core-group-is-layout-bb3dfb5c wp-block-group-is-layout-flex\">\n<figure class=\"wp-block-image size-full\"><img decoding=\"async\" src=\"https:\/\/sefaguney.com\/wp-content\/themes\/inspiro\/assets\/images\/laurel_left.png\" alt=\"\"\/><\/figure>\n\n\n\n<div class=\"wp-block-group is-layout-flow wp-block-group-is-layout-flow\">\n<p class=\"has-text-align-center has-white-color has-text-color\" style=\"font-size:clamp(14px, 0.875rem + ((1vw - 3.2px) * 0.354), 18px);line-height:1\">&#8220;En \u0130yi K\u0131sa Film&#8221; \u00d6d\u00fcl\u00fc Sahibi<\/p>\n<\/div>\n\n\n\n<figure class=\"wp-block-image size-full\"><img decoding=\"async\" src=\"https:\/\/sefaguney.com\/wp-content\/themes\/inspiro\/assets\/images\/laurel_right.png\" alt=\"\"\/><\/figure>\n<\/div>\n<\/div>\n<\/div>\n<\/div><\/div>\n","protected":false},"excerpt":{"rendered":"<p>Kod yazmaya olan ilgim, sadece \u00e7al\u0131\u015fan bir \u015fey \u00fcretmekten ibaret de\u011fil; nas\u0131l \u00e7al\u0131\u015ft\u0131\u011f\u0131n\u0131 ger\u00e7ekten anlamak benim i\u00e7in as\u0131l motivasyon. Yaz\u0131l\u0131m d\u00fcnyas\u0131nda problem \u00e7\u00f6zmeyi, ara\u015ft\u0131rmay\u0131 ve s\u00fcrekli \u00f6\u011frenmeyi merkezine alan bir yakla\u015f\u0131m benimsiyorum. Web teknolojileri, yaz\u0131l\u0131m geli\u015ftirme ve siber g\u00fcvenlik ba\u015fta olmak \u00fczere; sistemlerin arka plan\u0131nda neler olup bitti\u011fini ke\u015ffetmeyi seviyorum. Haz\u0131r \u00e7\u00f6z\u00fcmlerle yetinmek yerine, bir &hellip; <\/p>\n<p class=\"link-more\"><a href=\"https:\/\/sefaguney.com\/?page_id=9\" class=\"more-link\"><span class=\"screen-reader-text\"> &#8220;Hakk\u0131mda&#8221;<\/span>devam\u0131n\u0131 oku<\/a><\/p>\n","protected":false},"author":1,"featured_media":6,"parent":0,"menu_order":0,"comment_status":"closed","ping_status":"closed","template":"","meta":{"footnotes":""},"class_list":["post-9","page","type-page","status-publish","has-post-thumbnail","hentry"],"_links":{"self":[{"href":"https:\/\/sefaguney.com\/index.php?rest_route=\/wp\/v2\/pages\/9","targetHints":{"allow":["GET"]}}],"collection":[{"href":"https:\/\/sefaguney.com\/index.php?rest_route=\/wp\/v2\/pages"}],"about":[{"href":"https:\/\/sefaguney.com\/index.php?rest_route=\/wp\/v2\/types\/page"}],"author":[{"embeddable":true,"href":"https:\/\/sefaguney.com\/index.php?rest_route=\/wp\/v2\/users\/1"}],"replies":[{"embeddable":true,"href":"https:\/\/sefaguney.com\/index.php?rest_route=%2Fwp%2Fv2%2Fcomments&post=9"}],"version-history":[{"count":5,"href":"https:\/\/sefaguney.com\/index.php?rest_route=\/wp\/v2\/pages\/9\/revisions"}],"predecessor-version":[{"id":105,"href":"https:\/\/sefaguney.com\/index.php?rest_route=\/wp\/v2\/pages\/9\/revisions\/105"}],"wp:featuredmedia":[{"embeddable":true,"href":"https:\/\/sefaguney.com\/index.php?rest_route=\/wp\/v2\/media\/6"}],"wp:attachment":[{"href":"https:\/\/sefaguney.com\/index.php?rest_route=%2Fwp%2Fv2%2Fmedia&parent=9"}],"curies":[{"name":"wp","href":"https:\/\/api.w.org\/{rel}","templated":true}]}}